{"id":1453,"date":"2025-08-22T08:29:14","date_gmt":"2025-08-22T08:29:14","guid":{"rendered":"https:\/\/romtherm.ro\/?page_id=1453"},"modified":"2025-08-26T04:53:41","modified_gmt":"2025-08-26T04:53:41","slug":"formulare-si-conditii-de-inscriere","status":"publish","type":"page","link":"https:\/\/romtherm.ro\/en\/formulare-si-conditii-de-inscriere\/","title":{"rendered":"Registration forms and conditions"},"content":{"rendered":"<div class=\"wpb-content-wrapper\"><div class=\"vc_row wpb_row vc_row-fluid vc_custom_1561964015799 vc_row-o-equal-height vc_row-o-content-middle vc_row-flex\"><div class=\"wpb_column vc_column_container vc_col-sm-12\"><div class=\"vc_column-inner vc_custom_1561963982378\"><div class=\"wpb_wrapper\"><div class=\"dt-fancy-separator title-left h3-size style-disabled\" style=\"width: 100%;\"><div class=\"dt-fancy-title\" style=\"color: #000000;\"><span class=\"separator-holder separator-left\"><\/span>1. Complete the registration forms<span class=\"separator-holder separator-right\"><\/span><\/div><\/div><\/div><\/div><\/div><\/div><div class=\"vc_row wpb_row vc_row-fluid vc_custom_1756182778672\"><div class=\"wpb_column vc_column_container vc_col-sm-4\"><div class=\"vc_column-inner vc_custom_1561963982378\"><div class=\"wpb_wrapper\"><div class=\"aio-icon-component    style_2\"><a class=\"aio-icon-box-link\" href=\"https:\/\/romtherm.ro\/wp-content\/uploads\/2025\/02\/form\/en\/Application-contract-2026-ROMTHERM_DIGITAL.pdf\" target=\"_blank\" rel=\"noopener\" ><div id=\"Info-box-wrap-1228\" class=\"aio-icon-box top-icon\" style=\"\"  ><div class=\"aio-icon-top\"><div class=\"ult-just-icon-wrapper\"><div class=\"align-icon\" style=\"text-align:center;\">\n<div class=\"aio-icon circle\"  style=\"color:#FFFFFF;background:#1E73BE;font-size:20px;display:inline-block;\">\n\t<i class=\"dt-icon-the7-misc-006-2\"><\/i>\n<\/div><\/div><\/div><\/div><div class=\"aio-icon-header\" ><h3 class=\"aio-icon-title ult-responsive\"  data-ultimate-target='#Info-box-wrap-1228 .aio-icon-title'  data-responsive-json-new='{\"font-size\":\"\",\"line-height\":\"\"}'  style=\"\">Application Form<\/h3><\/div> <!-- header --><\/div> <!-- aio-icon-box --><\/a><\/div> <!-- aio-icon-component --><div class=\"aio-icon-component    style_2\"><a class=\"aio-icon-box-link\" href=\"https:\/\/romtherm.ro\/wp-content\/uploads\/2025\/02\/form\/en\/F3-CO-EXHIBITORS-2026-ROMTHERM_DIGITAL.pdf\" target=\"_blank\" rel=\"noopener\" ><div id=\"Info-box-wrap-2735\" class=\"aio-icon-box top-icon\" style=\"\"  ><div class=\"aio-icon-top\"><div class=\"ult-just-icon-wrapper\"><div class=\"align-icon\" style=\"text-align:center;\">\n<div class=\"aio-icon circle\"  style=\"color:#FFFFFF;background:#1E73BE;font-size:20px;display:inline-block;\">\n\t<i class=\"dt-icon-the7-misc-006-2\"><\/i>\n<\/div><\/div><\/div><\/div><div class=\"aio-icon-header\" ><h3 class=\"aio-icon-title ult-responsive\"  data-ultimate-target='#Info-box-wrap-2735 .aio-icon-title'  data-responsive-json-new='{\"font-size\":\"\",\"line-height\":\"\"}'  style=\"\">Co-Exhibitors Participation<\/h3><\/div> <!-- header --><\/div> <!-- aio-icon-box --><\/a><\/div> <!-- aio-icon-component --><\/div><\/div><\/div><div class=\"wpb_column vc_column_container vc_col-sm-4\"><div class=\"vc_column-inner\"><div class=\"wpb_wrapper\"><div class=\"aio-icon-component    style_2\"><a class=\"aio-icon-box-link\" href=\"https:\/\/romtherm.ro\/wp-content\/uploads\/2025\/02\/form\/en\/F1-StandConstruction-2026-ROMTHERM_DIGITAL.pdf\" target=\"_blank\" rel=\"noopener\" ><div id=\"Info-box-wrap-1318\" class=\"aio-icon-box top-icon\" style=\"\"  ><div class=\"aio-icon-top\"><div class=\"ult-just-icon-wrapper\"><div class=\"align-icon\" style=\"text-align:center;\">\n<div class=\"aio-icon circle\"  style=\"color:#FFFFFF;background:#1E73BE;font-size:20px;display:inline-block;\">\n\t<i class=\"dt-icon-the7-misc-006-2\"><\/i>\n<\/div><\/div><\/div><\/div><div class=\"aio-icon-header\" ><h3 class=\"aio-icon-title ult-responsive\"  data-ultimate-target='#Info-box-wrap-1318 .aio-icon-title'  data-responsive-json-new='{\"font-size\":\"\",\"line-height\":\"\"}'  style=\"\">Stand Construction<\/h3><\/div> <!-- header --><\/div> <!-- aio-icon-box --><\/a><\/div> <!-- aio-icon-component --><div class=\"aio-icon-component    style_2\"><a class=\"aio-icon-box-link\" href=\"https:\/\/romtherm.ro\/wp-content\/uploads\/2025\/02\/form\/en\/F5-Third Party Stand-2026-ROMTHERM_DIGITAL.pdf\" target=\"_blank\" rel=\"noopener\" ><div id=\"Info-box-wrap-5733\" class=\"aio-icon-box top-icon\" style=\"\"  ><div class=\"aio-icon-top\"><div class=\"ult-just-icon-wrapper\"><div class=\"align-icon\" style=\"text-align:center;\">\n<div class=\"aio-icon circle\"  style=\"color:#FFFFFF;background:#1E73BE;font-size:20px;display:inline-block;\">\n\t<i class=\"dt-icon-the7-misc-006-2\"><\/i>\n<\/div><\/div><\/div><\/div><div class=\"aio-icon-header\" ><h3 class=\"aio-icon-title ult-responsive\"  data-ultimate-target='#Info-box-wrap-5733 .aio-icon-title'  data-responsive-json-new='{\"font-size\":\"\",\"line-height\":\"\"}'  style=\"\">Arrangement with Out Facilities \/ Third Parties<\/h3><\/div> <!-- header --><\/div> <!-- aio-icon-box --><\/a><\/div> <!-- aio-icon-component --><\/div><\/div><\/div><div class=\"wpb_column vc_column_container vc_col-sm-4\"><div class=\"vc_column-inner\"><div class=\"wpb_wrapper\"><div class=\"aio-icon-component    style_2\"><a class=\"aio-icon-box-link\" href=\"https:\/\/romtherm.ro\/wp-content\/uploads\/2025\/02\/form\/en\/F2-Themes-2026-ROMTHERM.pdf\" target=\"_blank\" rel=\"noopener\" ><div id=\"Info-box-wrap-1495\" class=\"aio-icon-box top-icon\" style=\"\"  ><div class=\"aio-icon-top\"><div class=\"ult-just-icon-wrapper\"><div class=\"align-icon\" style=\"text-align:center;\">\n<div class=\"aio-icon circle\"  style=\"color:#FFFFFF;background:#1E73BE;font-size:20px;display:inline-block;\">\n\t<i class=\"dt-icon-the7-misc-006-2\"><\/i>\n<\/div><\/div><\/div><\/div><div class=\"aio-icon-header\" ><h3 class=\"aio-icon-title ult-responsive\"  data-ultimate-target='#Info-box-wrap-1495 .aio-icon-title'  data-responsive-json-new='{\"font-size\":\"\",\"line-height\":\"\"}'  style=\"\">Exhibition Themes<\/h3><\/div> <!-- header --><\/div> <!-- aio-icon-box --><\/a><\/div> <!-- aio-icon-component --><div class=\"aio-icon-component    style_2\"><a class=\"aio-icon-box-link\" href=\"https:\/\/romtherm.ro\/wp-content\/uploads\/2025\/02\/form\/en\/F6-DataProtection-2026-ROMTHERM_DIGITAL.pdf\" target=\"_blank\" rel=\"noopener\" ><div id=\"Info-box-wrap-7008\" class=\"aio-icon-box top-icon\" style=\"\"  ><div class=\"aio-icon-top\"><div class=\"ult-just-icon-wrapper\"><div class=\"align-icon\" style=\"text-align:center;\">\n<div class=\"aio-icon circle\"  style=\"color:#FFFFFF;background:#1E73BE;font-size:20px;display:inline-block;\">\n\t<i class=\"dt-icon-the7-misc-006-2\"><\/i>\n<\/div><\/div><\/div><\/div><div class=\"aio-icon-header\" ><h3 class=\"aio-icon-title ult-responsive\"  data-ultimate-target='#Info-box-wrap-7008 .aio-icon-title'  data-responsive-json-new='{\"font-size\":\"\",\"line-height\":\"\"}'  style=\"\">Data Protection<\/h3><\/div> <!-- header --><\/div> <!-- aio-icon-box --><\/a><\/div> <!-- aio-icon-component --><\/div><\/div><\/div><\/div><div class=\"vc_row wpb_row vc_row-fluid vc_custom_1561964015799 vc_row-o-equal-height vc_row-o-content-middle vc_row-flex\"><div class=\"wpb_column vc_column_container vc_col-sm-12\"><div class=\"vc_column-inner vc_custom_1561963982378\"><div class=\"wpb_wrapper\"><div class=\"dt-fancy-separator title-left h3-size style-disabled\" style=\"width: 100%;\"><div class=\"dt-fancy-title\" style=\"color: #000000;\"><span class=\"separator-holder separator-left\"><\/span>2. Fill out the form that best suits your needs<span class=\"separator-holder separator-right\"><\/span><\/div><\/div><\/div><\/div><\/div><\/div><div class=\"vc_row wpb_row vc_row-fluid vc_custom_1756182784089\"><div class=\"wpb_column vc_column_container vc_col-sm-3\"><div class=\"vc_column-inner vc_custom_1561963982378\"><div class=\"wpb_wrapper\"><div class=\"aio-icon-component    style_2\"><a class=\"aio-icon-box-link\" href=\"https:\/\/romtherm.ro\/wp-content\/uploads\/2025\/02\/serv\/en\/S1-Furniture.pdf\" target=\"_blank\" rel=\"noopener\" ><div id=\"Info-box-wrap-2397\" class=\"aio-icon-box top-icon\" style=\"\"  ><div class=\"aio-icon-top\"><div class=\"ult-just-icon-wrapper\"><div class=\"align-icon\" style=\"text-align:center;\">\n<div class=\"aio-icon circle\"  style=\"color:#FFFFFF;background:#1E73BE;font-size:20px;display:inline-block;\">\n\t<i class=\"dt-icon-the7-misc-006-2\"><\/i>\n<\/div><\/div><\/div><\/div><div class=\"aio-icon-header\" ><h3 class=\"aio-icon-title ult-responsive\"  data-ultimate-target='#Info-box-wrap-2397 .aio-icon-title'  data-responsive-json-new='{\"font-size\":\"\",\"line-height\":\"\"}'  style=\"\">Furniture rental<\/h3><\/div> <!-- header --><\/div> <!-- aio-icon-box --><\/a><\/div> <!-- aio-icon-component --><div class=\"aio-icon-component    style_2\"><a class=\"aio-icon-box-link\" href=\"https:\/\/romtherm.ro\/wp-content\/uploads\/2025\/02\/serv\/en\/S2-Advertising.pdf\" target=\"_blank\" rel=\"noopener\" ><div id=\"Info-box-wrap-5634\" class=\"aio-icon-box top-icon\" style=\"\"  ><div class=\"aio-icon-top\"><div class=\"ult-just-icon-wrapper\"><div class=\"align-icon\" style=\"text-align:center;\">\n<div class=\"aio-icon circle\"  style=\"color:#FFFFFF;background:#1E73BE;font-size:20px;display:inline-block;\">\n\t<i class=\"dt-icon-the7-misc-006-2\"><\/i>\n<\/div><\/div><\/div><\/div><div class=\"aio-icon-header\" ><h3 class=\"aio-icon-title ult-responsive\"  data-ultimate-target='#Info-box-wrap-5634 .aio-icon-title'  data-responsive-json-new='{\"font-size\":\"\",\"line-height\":\"\"}'  style=\"\">Indoor \/ Outdoor Advertising<\/h3><\/div> <!-- header --><\/div> <!-- aio-icon-box --><\/a><\/div> <!-- aio-icon-component --><div class=\"aio-icon-component    style_2\"><a class=\"aio-icon-box-link\" href=\"https:\/\/romtherm.ro\/wp-content\/uploads\/2025\/02\/serv\/en\/S3-Parking.pdf\" target=\"_blank\" rel=\"noopener\" ><div id=\"Info-box-wrap-8685\" class=\"aio-icon-box top-icon\" style=\"\"  ><div class=\"aio-icon-top\"><div class=\"ult-just-icon-wrapper\"><div class=\"align-icon\" style=\"text-align:center;\">\n<div class=\"aio-icon circle\"  style=\"color:#FFFFFF;background:#1E73BE;font-size:20px;display:inline-block;\">\n\t<i class=\"dt-icon-the7-misc-006-2\"><\/i>\n<\/div><\/div><\/div><\/div><div class=\"aio-icon-header\" ><h3 class=\"aio-icon-title ult-responsive\"  data-ultimate-target='#Info-box-wrap-8685 .aio-icon-title'  data-responsive-json-new='{\"font-size\":\"\",\"line-height\":\"\"}'  style=\"\">Parking<\/h3><\/div> <!-- header --><\/div> <!-- aio-icon-box --><\/a><\/div> <!-- aio-icon-component --><div class=\"aio-icon-component    style_2\"><a class=\"aio-icon-box-link\" href=\"https:\/\/romtherm.ro\/wp-content\/uploads\/2025\/02\/serv\/en\/S13-ConferenceHalls.pdf\" target=\"_blank\" rel=\"noopener\" ><div id=\"Info-box-wrap-7028\" class=\"aio-icon-box top-icon\" style=\"\"  ><div class=\"aio-icon-top\"><div class=\"ult-just-icon-wrapper\"><div class=\"align-icon\" style=\"text-align:center;\">\n<div class=\"aio-icon circle\"  style=\"color:#FFFFFF;background:#1E73BE;font-size:20px;display:inline-block;\">\n\t<i class=\"dt-icon-the7-misc-006-2\"><\/i>\n<\/div><\/div><\/div><\/div><div class=\"aio-icon-header\" ><h3 class=\"aio-icon-title ult-responsive\"  data-ultimate-target='#Info-box-wrap-7028 .aio-icon-title'  data-responsive-json-new='{\"font-size\":\"\",\"line-height\":\"\"}'  style=\"\">Conference room rental<\/h3><\/div> <!-- header --><\/div> <!-- aio-icon-box --><\/a><\/div> <!-- aio-icon-component --><\/div><\/div><\/div><div class=\"wpb_column vc_column_container vc_col-sm-3\"><div class=\"vc_column-inner\"><div class=\"wpb_wrapper\"><div class=\"aio-icon-component    style_2\"><a class=\"aio-icon-box-link\" href=\"https:\/\/romtherm.ro\/wp-content\/uploads\/2025\/02\/serv\/en\/S4-Loading.pdf\" target=\"_blank\" rel=\"noopener\" ><div id=\"Info-box-wrap-2141\" class=\"aio-icon-box top-icon\" style=\"\"  ><div class=\"aio-icon-top\"><div class=\"ult-just-icon-wrapper\"><div class=\"align-icon\" style=\"text-align:center;\">\n<div class=\"aio-icon circle\"  style=\"color:#FFFFFF;background:#1E73BE;font-size:20px;display:inline-block;\">\n\t<i class=\"dt-icon-the7-misc-006-2\"><\/i>\n<\/div><\/div><\/div><\/div><div class=\"aio-icon-header\" ><h3 class=\"aio-icon-title ult-responsive\"  data-ultimate-target='#Info-box-wrap-2141 .aio-icon-title'  data-responsive-json-new='{\"font-size\":\"\",\"line-height\":\"\"}'  style=\"\">Loading \/ Unloading \/ Handling<\/h3><\/div> <!-- header --><\/div> <!-- aio-icon-box --><\/a><\/div> <!-- aio-icon-component --><div class=\"aio-icon-component    style_2\"><a class=\"aio-icon-box-link\" href=\"https:\/\/romtherm.ro\/wp-content\/uploads\/2025\/02\/serv\/en\/S5-Cleaning.pdf\" target=\"_blank\" rel=\"noopener\" ><div id=\"Info-box-wrap-3604\" class=\"aio-icon-box top-icon\" style=\"\"  ><div class=\"aio-icon-top\"><div class=\"ult-just-icon-wrapper\"><div class=\"align-icon\" style=\"text-align:center;\">\n<div class=\"aio-icon circle\"  style=\"color:#FFFFFF;background:#1E73BE;font-size:20px;display:inline-block;\">\n\t<i class=\"dt-icon-the7-misc-006-2\"><\/i>\n<\/div><\/div><\/div><\/div><div class=\"aio-icon-header\" ><h3 class=\"aio-icon-title ult-responsive\"  data-ultimate-target='#Info-box-wrap-3604 .aio-icon-title'  data-responsive-json-new='{\"font-size\":\"\",\"line-height\":\"\"}'  style=\"\">Rental stand cleaning services<\/h3><\/div> <!-- header --><\/div> <!-- aio-icon-box --><\/a><\/div> <!-- aio-icon-component --><div class=\"aio-icon-component    style_2\"><a class=\"aio-icon-box-link\" href=\"https:\/\/romtherm.ro\/wp-content\/uploads\/2025\/02\/serv\/en\/S6-Electrical_Inst.pdf\" target=\"_blank\" rel=\"noopener\" ><div id=\"Info-box-wrap-8069\" class=\"aio-icon-box top-icon\" style=\"\"  ><div class=\"aio-icon-top\"><div class=\"ult-just-icon-wrapper\"><div class=\"align-icon\" style=\"text-align:center;\">\n<div class=\"aio-icon circle\"  style=\"color:#FFFFFF;background:#1E73BE;font-size:20px;display:inline-block;\">\n\t<i class=\"dt-icon-the7-misc-006-2\"><\/i>\n<\/div><\/div><\/div><\/div><div class=\"aio-icon-header\" ><h3 class=\"aio-icon-title ult-responsive\"  data-ultimate-target='#Info-box-wrap-8069 .aio-icon-title'  data-responsive-json-new='{\"font-size\":\"\",\"line-height\":\"\"}'  style=\"\">Electrical installations<\/h3><\/div> <!-- header --><\/div> <!-- aio-icon-box --><\/a><\/div> <!-- aio-icon-component --><div class=\"aio-icon-component    style_2\"><a class=\"aio-icon-box-link\" href=\"https:\/\/romtherm.ro\/wp-content\/uploads\/2025\/02\/serv\/en\/S14-Graphics.pdf\" target=\"_blank\" rel=\"noopener\" ><div id=\"Info-box-wrap-9379\" class=\"aio-icon-box top-icon\" style=\"\"  ><div class=\"aio-icon-top\"><div class=\"ult-just-icon-wrapper\"><div class=\"align-icon\" style=\"text-align:center;\">\n<div class=\"aio-icon circle\"  style=\"color:#FFFFFF;background:#1E73BE;font-size:20px;display:inline-block;\">\n\t<i class=\"dt-icon-the7-misc-006-2\"><\/i>\n<\/div><\/div><\/div><\/div><div class=\"aio-icon-header\" ><h3 class=\"aio-icon-title ult-responsive\"  data-ultimate-target='#Info-box-wrap-9379 .aio-icon-title'  data-responsive-json-new='{\"font-size\":\"\",\"line-height\":\"\"}'  style=\"\">Graphic services rental<\/h3><\/div> <!-- header --><\/div> <!-- aio-icon-box --><\/a><\/div> <!-- aio-icon-component --><\/div><\/div><\/div><div class=\"wpb_column vc_column_container vc_col-sm-3\"><div class=\"vc_column-inner\"><div class=\"wpb_wrapper\"><div class=\"aio-icon-component    style_2\"><a class=\"aio-icon-box-link\" href=\"https:\/\/romtherm.ro\/wp-content\/uploads\/2025\/02\/serv\/en\/S7-Sanitary_Inst.pdf\" target=\"_blank\" rel=\"noopener\" ><div id=\"Info-box-wrap-6214\" class=\"aio-icon-box top-icon\" style=\"\"  ><div class=\"aio-icon-top\"><div class=\"ult-just-icon-wrapper\"><div class=\"align-icon\" style=\"text-align:center;\">\n<div class=\"aio-icon circle\"  style=\"color:#FFFFFF;background:#1E73BE;font-size:20px;display:inline-block;\">\n\t<i class=\"dt-icon-the7-misc-006-2\"><\/i>\n<\/div><\/div><\/div><\/div><div class=\"aio-icon-header\" ><h3 class=\"aio-icon-title ult-responsive\"  data-ultimate-target='#Info-box-wrap-6214 .aio-icon-title'  data-responsive-json-new='{\"font-size\":\"\",\"line-height\":\"\"}'  style=\"\">Plumbing rental<\/h3><\/div> <!-- header --><\/div> <!-- aio-icon-box --><\/a><\/div> <!-- aio-icon-component --><div class=\"aio-icon-component    style_2\"><a class=\"aio-icon-box-link\" href=\"https:\/\/romtherm.ro\/wp-content\/uploads\/2025\/02\/serv\/en\/S8-Air-Compressed.pdf\" target=\"_blank\" rel=\"noopener\" ><div id=\"Info-box-wrap-2656\" class=\"aio-icon-box top-icon\" style=\"\"  ><div class=\"aio-icon-top\"><div class=\"ult-just-icon-wrapper\"><div class=\"align-icon\" style=\"text-align:center;\">\n<div class=\"aio-icon circle\"  style=\"color:#FFFFFF;background:#1E73BE;font-size:20px;display:inline-block;\">\n\t<i class=\"dt-icon-the7-misc-006-2\"><\/i>\n<\/div><\/div><\/div><\/div><div class=\"aio-icon-header\" ><h3 class=\"aio-icon-title ult-responsive\"  data-ultimate-target='#Info-box-wrap-2656 .aio-icon-title'  data-responsive-json-new='{\"font-size\":\"\",\"line-height\":\"\"}'  style=\"\">Compressed air rental<\/h3><\/div> <!-- header --><\/div> <!-- aio-icon-box --><\/a><\/div> <!-- aio-icon-component --><div class=\"aio-icon-component    style_2\"><a class=\"aio-icon-box-link\" href=\"https:\/\/romtherm.ro\/wp-content\/uploads\/2025\/02\/serv\/en\/S9-Telecommunication.pdf\" target=\"_blank\" rel=\"noopener\" ><div id=\"Info-box-wrap-6527\" class=\"aio-icon-box top-icon\" style=\"\"  ><div class=\"aio-icon-top\"><div class=\"ult-just-icon-wrapper\"><div class=\"align-icon\" style=\"text-align:center;\">\n<div class=\"aio-icon circle\"  style=\"color:#FFFFFF;background:#1E73BE;font-size:20px;display:inline-block;\">\n\t<i class=\"dt-icon-the7-misc-006-2\"><\/i>\n<\/div><\/div><\/div><\/div><div class=\"aio-icon-header\" ><h3 class=\"aio-icon-title ult-responsive\"  data-ultimate-target='#Info-box-wrap-6527 .aio-icon-title'  data-responsive-json-new='{\"font-size\":\"\",\"line-height\":\"\"}'  style=\"\">Rental of data and internet services<\/h3><\/div> <!-- header --><\/div> <!-- aio-icon-box --><\/a><\/div> <!-- aio-icon-component --><div class=\"aio-icon-component    style_2\"><a class=\"aio-icon-box-link\" href=\"https:\/\/romtherm.ro\/wp-content\/uploads\/2025\/02\/serv\/en\/S15-HangingStructures.pdf\" target=\"_blank\" rel=\"noopener\" ><div id=\"Info-box-wrap-4754\" class=\"aio-icon-box top-icon\" style=\"\"  ><div class=\"aio-icon-top\"><div class=\"ult-just-icon-wrapper\"><div class=\"align-icon\" style=\"text-align:center;\">\n<div class=\"aio-icon circle\"  style=\"color:#FFFFFF;background:#1E73BE;font-size:20px;display:inline-block;\">\n\t<i class=\"dt-icon-the7-misc-006-2\"><\/i>\n<\/div><\/div><\/div><\/div><div class=\"aio-icon-header\" ><h3 class=\"aio-icon-title ult-responsive\"  data-ultimate-target='#Info-box-wrap-4754 .aio-icon-title'  data-responsive-json-new='{\"font-size\":\"\",\"line-height\":\"\"}'  style=\"\">Fixing structures at height in B Hall's<\/h3><\/div> <!-- header --><\/div> <!-- aio-icon-box --><\/a><\/div> <!-- aio-icon-component --><\/div><\/div><\/div><div class=\"wpb_column vc_column_container vc_col-sm-3\"><div class=\"vc_column-inner\"><div class=\"wpb_wrapper\"><div class=\"aio-icon-component    style_2\"><a class=\"aio-icon-box-link\" href=\"https:\/\/romtherm.ro\/wp-content\/uploads\/2025\/02\/serv\/en\/S10-Sampling.pdf\" target=\"_blank\" rel=\"noopener\" ><div id=\"Info-box-wrap-8744\" class=\"aio-icon-box top-icon\" style=\"\"  ><div class=\"aio-icon-top\"><div class=\"ult-just-icon-wrapper\"><div class=\"align-icon\" style=\"text-align:center;\">\n<div class=\"aio-icon circle\"  style=\"color:#FFFFFF;background:#1E73BE;font-size:20px;display:inline-block;\">\n\t<i class=\"dt-icon-the7-misc-006-2\"><\/i>\n<\/div><\/div><\/div><\/div><div class=\"aio-icon-header\" ><h3 class=\"aio-icon-title ult-responsive\"  data-ultimate-target='#Info-box-wrap-8744 .aio-icon-title'  data-responsive-json-new='{\"font-size\":\"\",\"line-height\":\"\"}'  style=\"\">Distribution of promotional materials<\/h3><\/div> <!-- header --><\/div> <!-- aio-icon-box --><\/a><\/div> <!-- aio-icon-component --><div class=\"aio-icon-component    style_2\"><a class=\"aio-icon-box-link\" href=\"https:\/\/romtherm.ro\/wp-content\/uploads\/2025\/02\/serv\/en\/S11-Security.pdf\" target=\"_blank\" rel=\"noopener\" ><div id=\"Info-box-wrap-7223\" class=\"aio-icon-box top-icon\" style=\"\"  ><div class=\"aio-icon-top\"><div class=\"ult-just-icon-wrapper\"><div class=\"align-icon\" style=\"text-align:center;\">\n<div class=\"aio-icon circle\"  style=\"color:#FFFFFF;background:#1E73BE;font-size:20px;display:inline-block;\">\n\t<i class=\"dt-icon-the7-misc-006-2\"><\/i>\n<\/div><\/div><\/div><\/div><div class=\"aio-icon-header\" ><h3 class=\"aio-icon-title ult-responsive\"  data-ultimate-target='#Info-box-wrap-7223 .aio-icon-title'  data-responsive-json-new='{\"font-size\":\"\",\"line-height\":\"\"}'  style=\"\">Stand security services rental<\/h3><\/div> <!-- header --><\/div> <!-- aio-icon-box --><\/a><\/div> <!-- aio-icon-component --><div class=\"aio-icon-component    style_2\"><a class=\"aio-icon-box-link\" href=\"https:\/\/romtherm.ro\/wp-content\/uploads\/2025\/02\/serv\/en\/S12-Events.pdf\" target=\"_blank\" rel=\"noopener\" ><div id=\"Info-box-wrap-4949\" class=\"aio-icon-box top-icon\" style=\"\"  ><div class=\"aio-icon-top\"><div class=\"ult-just-icon-wrapper\"><div class=\"align-icon\" style=\"text-align:center;\">\n<div class=\"aio-icon circle\"  style=\"color:#FFFFFF;background:#1E73BE;font-size:20px;display:inline-block;\">\n\t<i class=\"dt-icon-the7-misc-006-2\"><\/i>\n<\/div><\/div><\/div><\/div><div class=\"aio-icon-header\" ><h3 class=\"aio-icon-title ult-responsive\"  data-ultimate-target='#Info-box-wrap-4949 .aio-icon-title'  data-responsive-json-new='{\"font-size\":\"\",\"line-height\":\"\"}'  style=\"\">Hiring services for organizing an event at a stand<\/h3><\/div> <!-- header --><\/div> <!-- aio-icon-box --><\/a><\/div> <!-- aio-icon-component --><\/div><\/div><\/div><\/div>\n<\/div>","protected":false},"excerpt":{"rendered":"<p>1. Completeaz\u0103 formularele de \u00eenscriere Adeziune Contract Co-expozan\u021bi Construc\u021bie stand Amenajare Proprie \/ cu Ter\u021bi Tematica expozi\u021biei Protec\u021bie Date 2. Completeaz\u0103 formularul potrivit nevoilor tale \u00cenchiriere mobilier Reclam\u0103 Indoor \/ Outdoor Parking-uri \u00cenchiriere s\u0103li de conferin\u0163e \u00cenc\u0103rcare \/ Desc\u0103rcare \/ Manipulare \u00cenchiriere servicii cur\u0103\u0163enie stand Instala\u0163ii electrice \u00cenchiriere servicii grafic\u0103 \u00cenchiriere instala\u0163ii sanitare \u00cenchiriere aer&hellip;<\/p>","protected":false},"author":1,"featured_media":0,"parent":0,"menu_order":0,"comment_status":"closed","ping_status":"closed","template":"","meta":{"om_disable_all_campaigns":false,"_monsterinsights_skip_tracking":false,"_monsterinsights_sitenote_active":false,"_monsterinsights_sitenote_note":"","_monsterinsights_sitenote_category":0,"_uf_show_specific_survey":0,"_uf_disable_surveys":false,"footnotes":""},"class_list":["post-1453","page","type-page","status-publish","hentry","description-off"],"aioseo_notices":[],"jetpack_sharing_enabled":true,"_links":{"self":[{"href":"https:\/\/romtherm.ro\/en\/wp-json\/wp\/v2\/pages\/1453","targetHints":{"allow":["GET"]}}],"collection":[{"href":"https:\/\/romtherm.ro\/en\/wp-json\/wp\/v2\/pages"}],"about":[{"href":"https:\/\/romtherm.ro\/en\/wp-json\/wp\/v2\/types\/page"}],"author":[{"embeddable":true,"href":"https:\/\/romtherm.ro\/en\/wp-json\/wp\/v2\/users\/1"}],"replies":[{"embeddable":true,"href":"https:\/\/romtherm.ro\/en\/wp-json\/wp\/v2\/comments?post=1453"}],"version-history":[{"count":14,"href":"https:\/\/romtherm.ro\/en\/wp-json\/wp\/v2\/pages\/1453\/revisions"}],"predecessor-version":[{"id":1470,"href":"https:\/\/romtherm.ro\/en\/wp-json\/wp\/v2\/pages\/1453\/revisions\/1470"}],"wp:attachment":[{"href":"https:\/\/romtherm.ro\/en\/wp-json\/wp\/v2\/media?parent=1453"}],"curies":[{"name":"wp","href":"https:\/\/api.w.org\/{rel}","templated":true}]}}