{"id":1449,"date":"2025-08-21T12:06:58","date_gmt":"2025-08-21T12:06:58","guid":{"rendered":"https:\/\/romtherm.ro\/?page_id=1449"},"modified":"2025-08-21T12:06:58","modified_gmt":"2025-08-21T12:06:58","slug":"romexpo-app","status":"publish","type":"page","link":"https:\/\/romtherm.ro\/en\/romexpo-app\/","title":{"rendered":"ROMEXPO APP"},"content":{"rendered":"<div class=\"wpb-content-wrapper\"><div class=\"vc_row wpb_row vc_row-fluid vc_custom_1561964015799 vc_row-o-equal-height vc_row-o-content-middle vc_row-flex\"><div class=\"wpb_column vc_column_container vc_col-sm-12\"><div class=\"vc_column-inner vc_custom_1561963982378\"><div class=\"wpb_wrapper\">\n\t<div class=\"wpb_text_column wpb_content_element\" >\n\t\t<div class=\"wpb_wrapper\">\n\t\t\t<p style=\"text-align: justify;\">Aplica\u021bia ROMEXPO este instrumentul digital care transform\u0103 modul \u00een care expozan\u021bii \u0219i vizitatorii interac\u021bioneaz\u0103 la t\u00e2rguri \u0219i expozi\u021bii. Creat\u0103 special pentru mediul de business, aplica\u021bia \u00ee\u021bi ofer\u0103 oportunitatea de a face networking eficient, de a genera lead-uri valoroase \u0219i de a avea acces rapid la toate facilit\u0103\u021bile unui eveniment.<\/p>\n<p style=\"text-align: justify;\">Prin func\u021bia de <strong>networking inteligent<\/strong>, po\u021bi identifica rapid companiile \u0219i profesioni\u0219tii relevan\u021bi pentru domeniul t\u0103u, \u00ee\u021bi po\u021bi programa \u00eent\u00e2lniri de afaceri \u0219i po\u021bi construi parteneriate durabile. Totul este simplu \u0219i accesibil, direct de pe telefonul t\u0103u.<\/p>\n<p style=\"text-align: justify;\">Aplica\u021bia \u00ee\u021bi ofer\u0103 \u0219i un sistem modern de <strong>generare de lead-uri<\/strong>, prin care colectezi contactele dorite cu o singur\u0103 scanare de cod QR. Expozan\u021bii \u00ee\u0219i pot promova mai u\u0219or produsele \u0219i serviciile, iar vizitatorii B2B pot accesa instant informa\u021biile companiilor de interes.<\/p>\n<p style=\"text-align: justify;\"><strong>Accesul la evenimente este acum mai rapid \u0219i mai sigur datorit\u0103 scan\u0103rii codurilor QR din aplica\u021bie.<\/strong> Fiecare participant are la dispozi\u021bie badge-ul digital, agenda personalizat\u0103 a t\u00e2rgului, notific\u0103ri \u00een timp real despre conferin\u021be \u0219i workshopuri, precum \u0219i recomand\u0103ri adaptate intereselor sale.<\/p>\n<p style=\"text-align: justify;\">Fie c\u0103 e\u0219ti expozant, vizitator sau partener, aplica\u021bia ROMEXPO este cheia c\u0103tre o experien\u021b\u0103 mai interactiv\u0103, mai eficient\u0103 \u0219i mai profitabil\u0103. Conecteaz\u0103-te cu comunitatea de afaceri, valorific\u0103 fiecare \u00eent\u00e2lnire \u0219i descoper\u0103 noi oportunit\u0103\u021bi printr-o singur\u0103 platform\u0103 digital\u0103.<\/p>\n<p>&nbsp;<\/p>\n<h3 style=\"text-align: center;\"><strong><a href=\"https:\/\/qrco.de\/romexpomobileapp\">\ud83d\udc49 Descarc\u0103 aplica\u021bia \u0219i intr\u0103 \u00een re\u021beaua de business ROMEXPO!<\/a><\/strong><\/h3>\n\n\t\t<\/div>\n\t<\/div>\n<\/div><\/div><\/div><\/div>\n<\/div>","protected":false},"excerpt":{"rendered":"<p>Aplica\u021bia ROMEXPO este instrumentul digital care transform\u0103 modul \u00een care expozan\u021bii \u0219i vizitatorii interac\u021bioneaz\u0103 la t\u00e2rguri \u0219i expozi\u021bii. Creat\u0103 special pentru mediul de business, aplica\u021bia \u00ee\u021bi ofer\u0103 oportunitatea de a face networking eficient, de a genera lead-uri valoroase \u0219i de a avea acces rapid la toate facilit\u0103\u021bile unui eveniment. Prin func\u021bia de networking inteligent, po\u021bi&hellip;<\/p>","protected":false},"author":1,"featured_media":0,"parent":0,"menu_order":0,"comment_status":"closed","ping_status":"closed","template":"","meta":{"om_disable_all_campaigns":false,"_monsterinsights_skip_tracking":false,"_monsterinsights_sitenote_active":false,"_monsterinsights_sitenote_note":"","_monsterinsights_sitenote_category":0,"_uf_show_specific_survey":0,"_uf_disable_surveys":false,"footnotes":""},"class_list":["post-1449","page","type-page","status-publish","hentry","description-off"],"aioseo_notices":[],"jetpack_sharing_enabled":true,"_links":{"self":[{"href":"https:\/\/romtherm.ro\/en\/wp-json\/wp\/v2\/pages\/1449","targetHints":{"allow":["GET"]}}],"collection":[{"href":"https:\/\/romtherm.ro\/en\/wp-json\/wp\/v2\/pages"}],"about":[{"href":"https:\/\/romtherm.ro\/en\/wp-json\/wp\/v2\/types\/page"}],"author":[{"embeddable":true,"href":"https:\/\/romtherm.ro\/en\/wp-json\/wp\/v2\/users\/1"}],"replies":[{"embeddable":true,"href":"https:\/\/romtherm.ro\/en\/wp-json\/wp\/v2\/comments?post=1449"}],"version-history":[{"count":1,"href":"https:\/\/romtherm.ro\/en\/wp-json\/wp\/v2\/pages\/1449\/revisions"}],"predecessor-version":[{"id":1450,"href":"https:\/\/romtherm.ro\/en\/wp-json\/wp\/v2\/pages\/1449\/revisions\/1450"}],"wp:attachment":[{"href":"https:\/\/romtherm.ro\/en\/wp-json\/wp\/v2\/media?parent=1449"}],"curies":[{"name":"wp","href":"https:\/\/api.w.org\/{rel}","templated":true}]}}