{"id":1442,"date":"2025-08-21T12:04:56","date_gmt":"2025-08-21T12:04:56","guid":{"rendered":"https:\/\/romtherm.ro\/?page_id=1442"},"modified":"2026-03-19T08:26:18","modified_gmt":"2026-03-19T08:26:18","slug":"info-vizitatori","status":"publish","type":"page","link":"https:\/\/romtherm.ro\/en\/info-vizitatori\/","title":{"rendered":"Visitors info"},"content":{"rendered":"<div class=\"wpb-content-wrapper\"><div class=\"vc_row wpb_row vc_row-fluid vc_custom_1561964015799 vc_row-o-equal-height vc_row-o-content-middle vc_row-flex\"><div class=\"wpb_column vc_column_container vc_col-sm-6\"><div class=\"vc_column-inner vc_custom_1561963982378\"><div class=\"wpb_wrapper\"><div id=\"ultimate-heading-144269f20afa73a34\" class=\"uvc-heading ult-adjust-bottom-margin ultimate-heading-144269f20afa73a34 uvc-4318  uvc-heading-default-font-sizes\" data-hspacer=\"no_spacer\"  data-halign=\"left\" style=\"text-align:left\"><div class=\"uvc-heading-spacer no_spacer\" style=\"top\"><\/div><div class=\"uvc-sub-heading ult-responsive\"  data-ultimate-target='.uvc-heading.ultimate-heading-144269f20afa73a34 .uvc-sub-heading '  data-responsive-json-new='{\"font-size\":\"\",\"line-height\":\"\"}'  style=\"font-weight:normal;\"><\/p>\n<p style=\"text-align: justify;\" class=\"translation-block\">ROMTHERM, part of the #TotulPentruCasaTa2026 concept, is the trade fair dedicated to installation systems and technologies that ensure modern comfort for homes and buildings. Alongside Construct Ambient Expo, Expo Flowers and Mobila Expo, the event offers visitors a complete experience \u2013 from construction and installations to interior design, furniture and landscaping.<\/p>\n<p style=\"text-align: justify;\" class=\"translation-block\">ROMTHERM showcases state-of-the-art solutions for heating, air conditioning, ventilation, sanitary installations and energy efficiency: boilers, heat pumps, HVAC systems, automation, smart equipment and sustainable technologies. It is the ideal event for industry professionals \u2013 installers, designers, architects, real estate developers and entrepreneurs \u2013 looking to discover new products, compare solutions and connect directly with manufacturers and distributors.<\/p>\n<p><\/div><\/div><div class=\"vc_empty_space\"   style=\"height: 32px\"><span class=\"vc_empty_space_inner\"><\/span><\/div><div class=\"vc_empty_space\"   style=\"height: 32px\"><span class=\"vc_empty_space_inner\"><\/span><\/div>\n\t<div  class=\"wpb_single_image wpb_content_element vc_align_center  vc_custom_1755777878778\">\n\t\t\n\t\t<figure class=\"wpb_wrapper vc_figure\">\n\t\t\t<div class=\"vc_single_image-wrapper   vc_box_border_grey\"><img loading=\"lazy\" decoding=\"async\" width=\"2560\" height=\"1702\" src=\"https:\/\/romtherm.ro\/wp-content\/uploads\/2025\/08\/DSC_8218-scaled.jpg\" class=\"vc_single_image-img attachment-full\" alt=\"\" title=\"DSC_8218\" srcset=\"https:\/\/romtherm.ro\/wp-content\/uploads\/2025\/08\/DSC_8218-scaled.jpg 2560w, https:\/\/romtherm.ro\/wp-content\/uploads\/2025\/08\/DSC_8218-300x199.jpg 300w, https:\/\/romtherm.ro\/wp-content\/uploads\/2025\/08\/DSC_8218-1024x681.jpg 1024w, https:\/\/romtherm.ro\/wp-content\/uploads\/2025\/08\/DSC_8218-768x511.jpg 768w, https:\/\/romtherm.ro\/wp-content\/uploads\/2025\/08\/DSC_8218-1536x1021.jpg 1536w, https:\/\/romtherm.ro\/wp-content\/uploads\/2025\/08\/DSC_8218-2048x1362.jpg 2048w\" sizes=\"auto, (max-width: 2560px) 100vw, 2560px\"  data-dt-location=\"https:\/\/romtherm.ro\/en\/info-vizitatori\/dsc_8218\/\" \/><\/div>\n\t\t<\/figure>\n\t<\/div>\n<\/div><\/div><\/div><div class=\"wpb_column vc_column_container vc_col-sm-6\"><div class=\"vc_column-inner\"><div class=\"wpb_wrapper\">\n\t<div  class=\"wpb_single_image wpb_content_element vc_align_center  vc_custom_1755777893305\">\n\t\t\n\t\t<figure class=\"wpb_wrapper vc_figure\">\n\t\t\t<div class=\"vc_single_image-wrapper   vc_box_border_grey\"><img loading=\"lazy\" decoding=\"async\" width=\"2560\" height=\"1702\" src=\"https:\/\/romtherm.ro\/wp-content\/uploads\/2025\/08\/DSC_8220-scaled.jpg\" class=\"vc_single_image-img attachment-full\" alt=\"\" title=\"DSC_8220\" srcset=\"https:\/\/romtherm.ro\/wp-content\/uploads\/2025\/08\/DSC_8220-scaled.jpg 2560w, https:\/\/romtherm.ro\/wp-content\/uploads\/2025\/08\/DSC_8220-300x199.jpg 300w, https:\/\/romtherm.ro\/wp-content\/uploads\/2025\/08\/DSC_8220-1024x681.jpg 1024w, https:\/\/romtherm.ro\/wp-content\/uploads\/2025\/08\/DSC_8220-768x511.jpg 768w, https:\/\/romtherm.ro\/wp-content\/uploads\/2025\/08\/DSC_8220-1536x1021.jpg 1536w, https:\/\/romtherm.ro\/wp-content\/uploads\/2025\/08\/DSC_8220-2048x1362.jpg 2048w\" sizes=\"auto, (max-width: 2560px) 100vw, 2560px\"  data-dt-location=\"https:\/\/romtherm.ro\/en\/info-vizitatori\/dsc_8220\/\" \/><\/div>\n\t\t<\/figure>\n\t<\/div>\n<div class=\"vc_empty_space\"   style=\"height: 32px\"><span class=\"vc_empty_space_inner\"><\/span><\/div><div class=\"vc_empty_space\"   style=\"height: 32px\"><span class=\"vc_empty_space_inner\"><\/span><\/div><div id=\"ultimate-heading-424769f20afa74a48\" class=\"uvc-heading ult-adjust-bottom-margin ultimate-heading-424769f20afa74a48 uvc-6223  uvc-heading-default-font-sizes\" data-hspacer=\"no_spacer\"  data-halign=\"left\" style=\"text-align:left\"><div class=\"uvc-heading-spacer no_spacer\" style=\"top\"><\/div><div class=\"uvc-sub-heading ult-responsive\"  data-ultimate-target='.uvc-heading.ultimate-heading-424769f20afa74a48 .uvc-sub-heading '  data-responsive-json-new='{\"font-size\":\"\",\"line-height\":\"\"}'  style=\"font-weight:normal;\"><\/p>\n<p style=\"text-align: justify;\" class=\"translation-block\">At the same time, ROMTHERM also addresses the general public who are building, renovating or upgrading their homes. Visitors benefit from direct expert advice, live product demonstrations and clear explanations of energy-efficient solutions, helping them make informed decisions for long-term comfort and performance.<\/p>\n<p style=\"text-align: justify;\" class=\"translation-block\">The visitor experience is enhanced by thematic conferences, practical presentations and technical demonstrations, covering key topics such as energy consumption reduction, efficient building solutions, green technologies and current trends in the installations industry. These sessions provide real value for both professionals and end users.<\/p>\n<p style=\"text-align: justify;\">\ud83d\udc49 <strong>Viziteaz\u0103 ROMTHERM \u0219i descoper\u0103 solu\u021biile care transform\u0103 ideile \u00een confort real<\/strong>, \u00eentr-un eveniment care reune\u0219te expertiza profesional\u0103 \u0219i nevoile concrete ale celor care construiesc, renoveaz\u0103 sau \u00ee\u0219i amenajeaz\u0103 casa, \u00een cadrul conceptului <strong>#TotulPentruCasaTa2026<\/strong>.<\/p>\n<p><\/div><\/div><\/div><\/div><\/div><\/div><div class=\"vc_row wpb_row vc_row-fluid vc_custom_1561964153013 vc_row-o-equal-height vc_row-o-content-middle vc_row-flex\"><div class=\"wpb_column vc_column_container vc_col-sm-6\"><div class=\"vc_column-inner\"><div class=\"wpb_wrapper\"><\/div><\/div><\/div><div class=\"wpb_column vc_column_container vc_col-sm-6\"><div class=\"vc_column-inner vc_custom_1562003166274\"><div class=\"wpb_wrapper\"><div id=\"ultimate-heading-409069f20afa75186\" class=\"uvc-heading ult-adjust-bottom-margin ultimate-heading-409069f20afa75186 uvc-7042  uvc-heading-default-font-sizes\" data-hspacer=\"no_spacer\"  data-halign=\"left\" style=\"text-align:left\"><div class=\"uvc-heading-spacer no_spacer\" style=\"top\"><\/div><div class=\"uvc-sub-heading ult-responsive\"  data-ultimate-target='.uvc-heading.ultimate-heading-409069f20afa75186 .uvc-sub-heading '  data-responsive-json-new='{\"font-size\":\"\",\"line-height\":\"\"}'  style=\"font-weight:normal;\"><\/p>\n<div id=\"ultimate-heading-357268a7021e4801a\" class=\"uvc-heading ult-adjust-bottom-margin ultimate-heading-357268a7021e4801a uvc-9156 color-title accent-title-color\" data-hspacer=\"no_spacer\" data-halign=\"left\">\n<div class=\"uvc-main-heading ult-responsive\" data-ultimate-target=\".uvc-heading.ultimate-heading-357268a7021e4801a h2\" data-responsive-json-new=\"{&quot;font-size&quot;:&quot;desktop:15px;&quot;,&quot;line-height&quot;:&quot;desktop:26px;&quot;}\">\n<h2>Perioada de desf\u0103\u0219urare:<\/h2>\n<\/div>\n<\/div>\n<div class=\"standard-arrow bullet-top\">\n<ul>\n<li style=\"list-style-type: none;\">\n<ul>19 \u2013 21 martie 2026 ( joi \u2013 s\u00e2mb\u0103t\u0103 ), interval orar 10:00 \u2013 18:00<\/ul>\n<\/li>\n<\/ul>\n<ul>\n<li style=\"list-style-type: none;\">\n<ul>22 martie 2026 ( duminic\u0103 ), interval orar 10:00 \u2013 16:00<\/ul>\n<\/li>\n<\/ul>\n<ul>\n<li style=\"list-style-type: none;\">\n<ul>Acces pietonal: 20 lei ( Por\u021bile A \u0219i B )<\/ul>\n<\/li>\n<\/ul>\n<ul>\n<li style=\"list-style-type: none;\">\n<ul>Acces auto: Parcarea B \u0219i C<\/ul>\n<\/li>\n<\/ul>\n<ul>\n<li style=\"list-style-type: none;\">\n<ul>Pavilion B2<\/ul>\n<\/li>\n<li style=\"list-style-type: none;\">\n<ul>Tarif parcare: 5 lei\/ora<\/ul>\n<\/li>\n<\/ul>\n<\/div>\n<p><\/div><\/div><\/div><\/div><\/div><\/div>\n<\/div>","protected":false},"excerpt":{"rendered":"<p>ROMTHERM, parte a conceptului #TotulPentruCasaTa2026, este t\u00e2rgul dedicat instala\u021biilor \u0219i tehnologiilor care asigur\u0103 confortul modern al locuin\u021belor \u0219i cl\u0103dirilor. Al\u0103turi de Construct Ambient Expo, Expo Flowers \u0219i Mobila Expo, evenimentul ofer\u0103 vizitatorilor o experien\u021b\u0103 complet\u0103, de la construc\u021bie \u0219i instala\u021bii, p\u00e2n\u0103 la design, mobilier \u0219i amenaj\u0103ri. ROMTHERM aduce \u00een prim-plan solu\u021bii de ultim\u0103 genera\u021bie pentru&hellip;<\/p>","protected":false},"author":1,"featured_media":0,"parent":0,"menu_order":0,"comment_status":"closed","ping_status":"closed","template":"","meta":{"om_disable_all_campaigns":false,"_monsterinsights_skip_tracking":false,"_monsterinsights_sitenote_active":false,"_monsterinsights_sitenote_note":"","_monsterinsights_sitenote_category":0,"_uf_show_specific_survey":0,"_uf_disable_surveys":false,"footnotes":""},"class_list":["post-1442","page","type-page","status-publish","hentry","description-off"],"aioseo_notices":[],"jetpack_sharing_enabled":true,"_links":{"self":[{"href":"https:\/\/romtherm.ro\/en\/wp-json\/wp\/v2\/pages\/1442","targetHints":{"allow":["GET"]}}],"collection":[{"href":"https:\/\/romtherm.ro\/en\/wp-json\/wp\/v2\/pages"}],"about":[{"href":"https:\/\/romtherm.ro\/en\/wp-json\/wp\/v2\/types\/page"}],"author":[{"embeddable":true,"href":"https:\/\/romtherm.ro\/en\/wp-json\/wp\/v2\/users\/1"}],"replies":[{"embeddable":true,"href":"https:\/\/romtherm.ro\/en\/wp-json\/wp\/v2\/comments?post=1442"}],"version-history":[{"count":10,"href":"https:\/\/romtherm.ro\/en\/wp-json\/wp\/v2\/pages\/1442\/revisions"}],"predecessor-version":[{"id":1594,"href":"https:\/\/romtherm.ro\/en\/wp-json\/wp\/v2\/pages\/1442\/revisions\/1594"}],"wp:attachment":[{"href":"https:\/\/romtherm.ro\/en\/wp-json\/wp\/v2\/media?parent=1442"}],"curies":[{"name":"wp","href":"https:\/\/api.w.org\/{rel}","templated":true}]}}