{"id":1387,"date":"2018-11-06T10:34:45","date_gmt":"2018-11-06T10:34:45","guid":{"rendered":"https:\/\/romtherm.ro\/about\/"},"modified":"2026-02-17T14:06:51","modified_gmt":"2026-02-17T14:06:51","slug":"info-expozanti","status":"publish","type":"page","link":"https:\/\/romtherm.ro\/en\/info-expozanti\/","title":{"rendered":"Exhibitors info"},"content":{"rendered":"<div class=\"wpb-content-wrapper\"><div class=\"vc_row wpb_row vc_row-fluid vc_custom_1561964015799 vc_row-o-equal-height vc_row-o-content-middle vc_row-flex\"><div class=\"wpb_column vc_column_container vc_col-sm-6\"><div class=\"vc_column-inner vc_custom_1561963982378\"><div class=\"wpb_wrapper\"><div id=\"ultimate-heading-497369f2084b385fe\" class=\"uvc-heading ult-adjust-bottom-margin ultimate-heading-497369f2084b385fe uvc-7898  uvc-heading-default-font-sizes\" data-hspacer=\"no_spacer\"  data-halign=\"left\" style=\"text-align:left\"><div class=\"uvc-heading-spacer no_spacer\" style=\"top\"><\/div><div class=\"uvc-sub-heading ult-responsive\"  data-ultimate-target='.uvc-heading.ultimate-heading-497369f2084b385fe .uvc-sub-heading '  data-responsive-json-new='{\"font-size\":\"\",\"line-height\":\"\"}'  style=\"font-weight:normal;\"><\/p>\n<p style=\"text-align: justify;\" class=\"translation-block\">ROMTHERM \u2013 Romania\u2019s HVAC, Heating &amp; Energy Efficiency Trade Fair\nROMTHERM, part of the #TotulPentruCasaTa2026 concept, is Romania\u2019s reference trade fair dedicated to heating, ventilation, air conditioning (HVAC) and energy efficiency solutions. The event takes place within an integrated exhibition framework, alongside Construct Ambient Expo, Expo Flowers and Mobila Expo, offering a complete experience focused on construction, home improvement and living comfort.<\/p>\n<p style=\"text-align: justify;\">ROMTHERM brings together manufacturers, importers and distributors of HVAC equipment, heating systems, boilers, heat pumps, ventilation and air treatment systems, sanitary installations, automation solutions and smart technologies for energy-efficient buildings. The HVAC trade fair addresses both industry professionals \u2013 designers, installers, real estate developers, construction companies and system integrators \u2013 as well as end consumers looking for modern, sustainable solutions for residential and commercial buildings.<\/p>\n<p><\/div><\/div><div class=\"vc_empty_space\"   style=\"height: 32px\"><span class=\"vc_empty_space_inner\"><\/span><\/div>\n\t<div  class=\"wpb_single_image wpb_content_element vc_align_center  vc_custom_1755777600470\">\n\t\t\n\t\t<figure class=\"wpb_wrapper vc_figure\">\n\t\t\t<div class=\"vc_single_image-wrapper   vc_box_border_grey\"><img loading=\"lazy\" decoding=\"async\" width=\"2560\" height=\"1702\" src=\"https:\/\/romtherm.ro\/wp-content\/uploads\/2025\/08\/DSC_8041-scaled.jpg\" class=\"vc_single_image-img attachment-full\" alt=\"\" title=\"DSC_8041\" srcset=\"https:\/\/romtherm.ro\/wp-content\/uploads\/2025\/08\/DSC_8041-scaled.jpg 2560w, https:\/\/romtherm.ro\/wp-content\/uploads\/2025\/08\/DSC_8041-300x199.jpg 300w, https:\/\/romtherm.ro\/wp-content\/uploads\/2025\/08\/DSC_8041-1024x681.jpg 1024w, https:\/\/romtherm.ro\/wp-content\/uploads\/2025\/08\/DSC_8041-768x511.jpg 768w, https:\/\/romtherm.ro\/wp-content\/uploads\/2025\/08\/DSC_8041-1536x1021.jpg 1536w, https:\/\/romtherm.ro\/wp-content\/uploads\/2025\/08\/DSC_8041-2048x1362.jpg 2048w\" sizes=\"auto, (max-width: 2560px) 100vw, 2560px\"  data-dt-location=\"https:\/\/romtherm.ro\/en\/info-expozanti\/dsc_8041\/\" \/><\/div>\n\t\t<\/figure>\n\t<\/div>\n<\/div><\/div><\/div><div class=\"wpb_column vc_column_container vc_col-sm-6\"><div class=\"vc_column-inner\"><div class=\"wpb_wrapper\">\n\t<div  class=\"wpb_single_image wpb_content_element vc_align_center  vc_custom_1755777634177\">\n\t\t\n\t\t<figure class=\"wpb_wrapper vc_figure\">\n\t\t\t<div class=\"vc_single_image-wrapper   vc_box_border_grey\"><img loading=\"lazy\" decoding=\"async\" width=\"2560\" height=\"1702\" src=\"https:\/\/romtherm.ro\/wp-content\/uploads\/2025\/08\/DSC_8217-scaled.jpg\" class=\"vc_single_image-img attachment-full\" alt=\"\" title=\"DSC_8217\" srcset=\"https:\/\/romtherm.ro\/wp-content\/uploads\/2025\/08\/DSC_8217-scaled.jpg 2560w, https:\/\/romtherm.ro\/wp-content\/uploads\/2025\/08\/DSC_8217-300x199.jpg 300w, https:\/\/romtherm.ro\/wp-content\/uploads\/2025\/08\/DSC_8217-1024x681.jpg 1024w, https:\/\/romtherm.ro\/wp-content\/uploads\/2025\/08\/DSC_8217-768x511.jpg 768w, https:\/\/romtherm.ro\/wp-content\/uploads\/2025\/08\/DSC_8217-1536x1021.jpg 1536w, https:\/\/romtherm.ro\/wp-content\/uploads\/2025\/08\/DSC_8217-2048x1362.jpg 2048w\" sizes=\"auto, (max-width: 2560px) 100vw, 2560px\"  data-dt-location=\"https:\/\/romtherm.ro\/en\/info-expozanti\/dsc_8217\/\" \/><\/div>\n\t\t<\/figure>\n\t<\/div>\n<div class=\"vc_empty_space\"   style=\"height: 10px\"><span class=\"vc_empty_space_inner\"><\/span><\/div><div id=\"ultimate-heading-322469f2084b39312\" class=\"uvc-heading ult-adjust-bottom-margin ultimate-heading-322469f2084b39312 uvc-5372  uvc-heading-default-font-sizes\" data-hspacer=\"no_spacer\"  data-halign=\"left\" style=\"text-align:left\"><div class=\"uvc-heading-spacer no_spacer\" style=\"top\"><\/div><div class=\"uvc-sub-heading ult-responsive\"  data-ultimate-target='.uvc-heading.ultimate-heading-322469f2084b39312 .uvc-sub-heading '  data-responsive-json-new='{\"font-size\":\"\",\"line-height\":\"\"}'  style=\"font-weight:normal;\"><\/p>\n<p style=\"text-align: justify;\" class=\"translation-block\">With a strong B2B focus, ROMTHERM provides an effective platform for high-quality networking, business meetings, partnership development and qualified lead generation. At the same time, the B2C component allows exhibitors to engage directly with end users, promote their products, educate the market and drive sales.<\/p>\n<p style=\"text-align: justify;\" class=\"translation-block\">The event is enhanced by thematic conferences, workshops and technical demonstrations, covering key industry topics such as energy efficiency, green technologies, heat pumps, smart building systems, digitalization and current regulations. These sessions position ROMTHERM not only as an HVAC exhibition, but as a decision-making and knowledge hub for the Romanian installations market.<\/p>\n<p style=\"text-align: justify;\">\ud83d\udc49 <strong>Particip\u0103 la ROMTHERM \u0219i pozi\u021bioneaz\u0103-\u021bi brandul \u00een centrul industriei instala\u021biilor<\/strong>, \u00een cadrul celui mai amplu concept dedicat locuin\u021bei moderne: <strong>#TotulPentruCasaTa2026<\/strong>.<\/p>\n<p><\/div><\/div><\/div><\/div><\/div><\/div><div class=\"vc_row wpb_row vc_row-fluid vc_custom_1561964153013 vc_row-o-equal-height vc_row-o-content-middle vc_row-flex\"><div class=\"wpb_column vc_column_container vc_col-sm-6\"><div class=\"vc_column-inner\"><div class=\"wpb_wrapper\"><\/div><\/div><\/div><div class=\"wpb_column vc_column_container vc_col-sm-6\"><div class=\"vc_column-inner\"><div class=\"wpb_wrapper\"><div id=\"ultimate-heading-739169f2084b3995b\" class=\"uvc-heading ult-adjust-bottom-margin ultimate-heading-739169f2084b3995b uvc-5644  uvc-heading-default-font-sizes\" data-hspacer=\"no_spacer\"  data-halign=\"left\" style=\"text-align:left\"><div class=\"uvc-heading-spacer no_spacer\" style=\"top\"><\/div><div class=\"uvc-sub-heading ult-responsive\"  data-ultimate-target='.uvc-heading.ultimate-heading-739169f2084b3995b .uvc-sub-heading '  data-responsive-json-new='{\"font-size\":\"\",\"line-height\":\"\"}'  style=\"font-weight:normal;\"><\/p>\n<div id=\"ultimate-heading-357268a7021e4801a\" class=\"uvc-heading ult-adjust-bottom-margin ultimate-heading-357268a7021e4801a uvc-9156 color-title accent-title-color\" data-hspacer=\"no_spacer\" data-halign=\"left\">\n<div class=\"uvc-main-heading ult-responsive\" data-ultimate-target=\".uvc-heading.ultimate-heading-357268a7021e4801a h2\" data-responsive-json-new=\"{&quot;font-size&quot;:&quot;desktop:15px;&quot;,&quot;line-height&quot;:&quot;desktop:26px;&quot;}\">\n<h2>Installation period:<\/h2>\n<\/div>\n<\/div>\n<div class=\"standard-arrow bullet-top\">\n<ul>\n<li>Pentru firmele care construiesc standurile \u00een regim propriu sau cu firm\u0103 ter\u021b\u0103: 14 \u2013 18.03.2026, interval orar 08:00 \u2013 20:00<\/li>\n<li>For companies building their stands with Romexpo: March 17\u201318, 2026, between 08:00 and 20:00<\/li>\n<\/ul>\n<\/div>\n<div id=\"ultimate-heading-530568a7021e480ce\" class=\"uvc-heading ult-adjust-bottom-margin ultimate-heading-530568a7021e480ce uvc-8925 color-title accent-title-color\" data-hspacer=\"no_spacer\" data-halign=\"left\">\n<div class=\"uvc-heading-spacer no_spacer\"><\/div>\n<div class=\"uvc-main-heading ult-responsive\" data-ultimate-target=\".uvc-heading.ultimate-heading-530568a7021e480ce h2\" data-responsive-json-new=\"{&quot;font-size&quot;:&quot;desktop:15px;&quot;,&quot;line-height&quot;:&quot;desktop:26px;&quot;}\">\n<h2>Dismantling period:<\/h2>\n<\/div>\n<\/div>\n<div class=\"standard-arrow bullet-top\">\n<ul>\n<li>March 22, 2026, between 16:00 and 20:00 (access via Bulevardul Poligrafiei 2, Gate E \u2013 Romexpo, Pavilion B2)<\/li>\n<li>23 \u2013 25.03.2026, interval orar 08:00 \u2013 20:00 ( acces Bulevardul Poligrafiei, 2, Poarta E-Romexpo, Pavilion B2 )<\/li>\n<\/ul>\n<\/div>\n<p><\/div><\/div><\/div><\/div><\/div><\/div>\n<\/div>","protected":false},"excerpt":{"rendered":"<p>ROMTHERM, parte a conceptului #TotulPentruCasaTa2026, este t\u00e2rgul de referin\u021b\u0103 din Rom\u00e2nia dedicat instala\u021biilor pentru \u00eenc\u0103lzire, r\u0103cire, ventila\u021bie, climatizare (HVAC) \u0219i solu\u021biilor pentru eficien\u021b\u0103 energetic\u0103. Evenimentul se desf\u0103\u0219oar\u0103 \u00eentr-un cadru expozi\u021bional integrat, al\u0103turi de Construct Ambient Expo, Expo Flowers \u0219i Mobila Expo, oferind o experien\u021b\u0103 complet\u0103 dedicat\u0103 construc\u021biei, amenaj\u0103rii \u0219i confortului locuin\u021bei. ROMTHERM reune\u0219te produc\u0103tori, importatori&hellip;<\/p>","protected":false},"author":1,"featured_media":0,"parent":0,"menu_order":0,"comment_status":"closed","ping_status":"closed","template":"","meta":{"om_disable_all_campaigns":false,"_monsterinsights_skip_tracking":false,"_monsterinsights_sitenote_active":false,"_monsterinsights_sitenote_note":"","_monsterinsights_sitenote_category":0,"_uf_show_specific_survey":0,"_uf_disable_surveys":false,"footnotes":""},"class_list":["post-1387","page","type-page","status-publish","hentry","description-off"],"aioseo_notices":[],"jetpack_sharing_enabled":true,"_links":{"self":[{"href":"https:\/\/romtherm.ro\/en\/wp-json\/wp\/v2\/pages\/1387","targetHints":{"allow":["GET"]}}],"collection":[{"href":"https:\/\/romtherm.ro\/en\/wp-json\/wp\/v2\/pages"}],"about":[{"href":"https:\/\/romtherm.ro\/en\/wp-json\/wp\/v2\/types\/page"}],"author":[{"embeddable":true,"href":"https:\/\/romtherm.ro\/en\/wp-json\/wp\/v2\/users\/1"}],"replies":[{"embeddable":true,"href":"https:\/\/romtherm.ro\/en\/wp-json\/wp\/v2\/comments?post=1387"}],"version-history":[{"count":6,"href":"https:\/\/romtherm.ro\/en\/wp-json\/wp\/v2\/pages\/1387\/revisions"}],"predecessor-version":[{"id":1550,"href":"https:\/\/romtherm.ro\/en\/wp-json\/wp\/v2\/pages\/1387\/revisions\/1550"}],"wp:attachment":[{"href":"https:\/\/romtherm.ro\/en\/wp-json\/wp\/v2\/media?parent=1387"}],"curies":[{"name":"wp","href":"https:\/\/api.w.org\/{rel}","templated":true}]}}